{"id":351,"date":"2023-08-24T11:51:31","date_gmt":"2023-08-24T09:51:31","guid":{"rendered":"https:\/\/www.turbobob.fr\/?page_id=351"},"modified":"2024-05-15T09:00:01","modified_gmt":"2024-05-15T07:00:01","slug":"mentions-legales","status":"publish","type":"page","link":"https:\/\/www.turbobob.fr\/en\/mentions-legales\/","title":{"rendered":"Legal notice"},"content":{"rendered":"<div class=\"wpb-content-wrapper\"><div data-parent=\"true\" class=\"vc_row row-container\" id=\"row-unique-0\"><div class=\"row single-top-padding double-bottom-padding single-h-padding limit-width row-parent\"><div class=\"wpb_row row-inner\"><div class=\"wpb_column pos-top pos-center align_left column_parent col-lg-12 single-internal-gutter\"><div class=\"uncol style-light\"  ><div class=\"uncoltable\"><div class=\"uncell no-block-padding\" ><div class=\"uncont\" ><div class=\"uncode_text_column\" ><\/p>\n<h2>turbobob.fr is published by:<\/h2>\n<p>\n<\/div><div class=\"vc_row row-internal row-container\"><div class=\"row row-child\"><div class=\"wpb_row row-inner\"><div class=\"wpb_column pos-top pos-center align_left column_child col-lg-6 single-internal-gutter\"><div class=\"uncol style-light\" ><div class=\"uncoltable\"><div class=\"uncell no-block-padding\" ><div class=\"uncont\" ><div class=\"uncode_text_column\" ><p><strong>EDSUN LOISIRS<\/strong><br \/>\nSARL au Capital social de 12000 \u20ac<br \/>\nZone d\u2019Activit\u00e9 du Puy Pel\u00e9,<br \/>\n85130 Tiffauges<br \/>\nFRANCE<\/p>\n<\/div><\/div><\/div><\/div><\/div><\/div><div class=\"wpb_column pos-top pos-center align_left column_child col-lg-6 single-internal-gutter\"><div class=\"uncol style-light\" ><div class=\"uncoltable\"><div class=\"uncell no-block-padding\" ><div class=\"uncont\" ><div class=\"uncode_text_column\" ><p>Publication manager : M Emmanuel ROBIN<br \/>\nRCS :\u00a0 La Roche-sur-Yon B 403 166 010<br \/>\nTVA Intracommunautaire : FR95403166010<br \/>\nPhone : 02 51 91 68 70<br \/>\nE-mail : <a href=\"mailto:contact@edsunloisirs.com\">contact@edsunloisirs.com<\/a><\/p>\n<\/div><\/div><\/div><\/div><\/div><\/div><\/div><\/div><\/div><div class=\"vc_row row-internal row-container\"><div class=\"row row-child\"><div class=\"wpb_row row-inner\"><div class=\"wpb_column pos-top pos-center align_left column_child col-lg-6 single-internal-gutter\"><div class=\"uncol style-light\" ><div class=\"uncoltable\"><div class=\"uncell no-block-padding\" ><div class=\"uncont\" ><div class=\"uncode_text_column\" ><\/p>\n<h2>The website turbobob.fr is hosted by :<\/h2>\n<p>HOSTINGER<br \/>\nHOSTINGER INTERNATIONAL LTD,<br \/>\n61 Lordou Vironos Street, 6023 Larnaca, CHYPRE<br \/>\nJoignable par le moyen suivant :<br \/>\n<a href=\"https:\/\/www.hostinger.fr\/contact\" target=\"_blank\" rel=\"noopener\">https:\/\/www.hostinger.fr\/contact<\/a>.<\/p>\n<\/div><\/div><\/div><\/div><\/div><\/div><div class=\"wpb_column pos-top pos-center align_left column_child col-lg-6 single-internal-gutter\"><div class=\"uncol style-light\" ><div class=\"uncoltable\"><div class=\"uncell no-block-padding\" ><div class=\"uncont\" ><div class=\"uncode_text_column\" ><\/p>\n<h2>The turbobob.fr website was created by :<\/h2>\n<p>Enjin web agency in Cholet<br \/>\nE-mail : <a href=\"mailto:contact@enjin.fr\">contact@enjin.fr<\/a><br \/>\nWebsite : <a href=\"https:\/\/www.enjin.fr\">www.enjin.fr<\/a><\/p>\n<\/div><\/div><\/div><\/div><\/div><\/div><\/div><\/div><\/div><div class=\"uncode_text_column\" ><\/p>\n<h2>Intellectual property<\/h2>\n<p>The content of the turbobob.fr website (structure, design, text, images, animations, logo) is the exclusive property of Edsun. Any use of elements from the turbobob.fr website, including reproduction, modification, distribution or republication, is strictly prohibited without Edsun\u2019s prior written authorisation. Requests for permission to reproduce all or part of this site should be sent to contact@edsunloisirs.com.<\/p>\n<\/div><\/div><\/div><\/div><\/div><\/div><script id=\"script-row-unique-0\" data-row=\"script-row-unique-0\" type=\"text\/javascript\" class=\"vc_controls\">UNCODE.initRow(document.getElementById(\"row-unique-0\"));<\/script><\/div><\/div><\/div><div data-parent=\"true\" class=\"vc_row prefooter has-bg need-focus style-color-ff91bf-bg row-container has-dividers\" id=\"row-unique-1\"><div class=\"uncode-divider-wrap uncode-divider-wrap-top z_index_0 uncode-row-divider-invert\" style=\"height: 70px;\" data-height=\"70\" data-unit=\"px\"><svg version=\"1.1\" class=\"uncode-row-divider uncode-row-divider-curve\" x=\"0px\" y=\"0px\" width=\"240px\" height=\"24px\" viewbox=\"0 0 240 24\" enable-background=\"new 0 0 240 24\" xml:space=\"preserve\" preserveaspectratio=\"none\">\n\t\t<path fill=\"#ffffff\" d=\"M0,0v24L240,0H0z\"\/>\n\t\t<\/svg><\/div><div class=\"row double-top-padding double-bottom-padding single-h-padding full-width row-parent\" style=\"max-width:1500px; margin-left:auto; margin-right:auto;\"><div class=\"wpb_row row-inner\"><div class=\"wpb_column pos-top pos-center align_left column_parent col-lg-12 single-internal-gutter\"><div class=\"uncol style-light\"  ><div class=\"uncoltable\"><div class=\"uncell no-block-padding\" ><div class=\"uncont\" ><div class=\"vc_row icos-contact row-internal row-container\"><div class=\"row row-child\"><div class=\"wpb_row row-inner\"><div class=\"wpb_column pos-top pos-center align_left column_child col-lg-4 single-internal-gutter\"><div class=\"uncol style-light\" ><div class=\"uncoltable\"><div class=\"uncell no-block-padding\" ><div class=\"uncont\" ><div class=\"animate_when_almost_visible bottom-t-top icon-box icon-box-left  icon-expand\" ><div class=\"icon-box-icon fa-container\" style=\"width:70px;\" ><a role=\"button\" href=\"mailto:contact@edsunloisirs.com\" class=\"fa fa-stack fa-1x btn-color-7cd0c7 fa-rounded custom-link\"><span id=\"icon-721357\" style=\"width:100%\" class=\"icon-media\"><img decoding=\"async\" src=\"https:\/\/www.turbobob.fr\/wp-content\/uploads\/2023\/08\/ico-mail.svg\" alt=\"icone mail\" \/><\/span><\/a><\/div><div class=\"icon-box-content\"><p class=\"text-lead\"><a href=\"mailto:contact@edsunloisirs.com\">contact@edsunloisirs.com<\/a><\/p>\n<\/div><\/div><\/div><\/div><\/div><\/div><\/div><div class=\"wpb_column pos-top pos-center align_left column_child col-lg-4 single-internal-gutter\"><div class=\"uncol style-light\" ><div class=\"uncoltable\"><div class=\"uncell no-block-padding\" ><div class=\"uncont\" ><div class=\"animate_when_almost_visible top-t-bottom icon-box icon-box-left  icon-expand\" data-delay=\"500\"><div class=\"icon-box-icon fa-container\" style=\"width:70px;\" ><a role=\"button\" href=\"tel:+33251916870\" class=\"fa fa-stack fa-1x btn-color-f6e25e fa-rounded custom-link\"><span id=\"icon-132148\" style=\"width:100%\" class=\"icon-media\"><img decoding=\"async\" src=\"https:\/\/www.turbobob.fr\/wp-content\/uploads\/2023\/08\/ico-tel.svg\" alt=\"icone telephone\" \/><\/span><\/a><\/div><div class=\"icon-box-content\"><p class=\"text-lead\"><a href=\"tel:+33251916870\">02 51 91 68 70<\/a><\/p>\n<\/div><\/div><\/div><\/div><\/div><\/div><\/div><div class=\"wpb_column pos-top pos-center align_left column_child col-lg-4 single-internal-gutter\"><div class=\"uncol style-light\" ><div class=\"uncoltable\"><div class=\"uncell no-block-padding\" ><div class=\"uncont\" ><div class=\"animate_when_almost_visible bottom-t-top icon-box icon-box-left  icon-expand\" data-delay=\"1000\"><div class=\"icon-box-icon fa-container\" style=\"width:70px;\" ><span class=\"fa fa-stack fa-1x btn-color-4951c1 fa-rounded btn-disable-hover\"><span id=\"icon-146222\" style=\"width:100%\" class=\"icon-media\"><img decoding=\"async\" src=\"https:\/\/www.turbobob.fr\/wp-content\/uploads\/2023\/08\/ico-adresse.svg\" alt=\"icone adresse\" \/><\/span><\/span><\/div><div class=\"icon-box-content\"><p>Zone d\u2019Activit\u00e9 du Puy Pel\u00e9,<br \/>\n<\/p>\n<p class=\"text-lead\">85130 Tiffauges<\/p>\n<\/div><\/div><\/div><\/div><\/div><\/div><\/div><\/div><\/div><\/div><\/div><\/div><\/div><\/div><\/div><script id=\"script-row-unique-1\" data-row=\"script-row-unique-1\" type=\"text\/javascript\" class=\"vc_controls\">UNCODE.initRow(document.getElementById(\"row-unique-1\"));<\/script><\/div><\/div><\/div>\n<\/div>","protected":false},"excerpt":{"rendered":"turbobob.fr est \u00e9dit\u00e9 par la soci\u00e9t\u00e9 : EDSUN LOISIRS SARL au Capital social de 12000 \u20ac Zone d\u2019Activit\u00e9 du Puy [...]","protected":false},"author":1,"featured_media":0,"parent":0,"menu_order":0,"comment_status":"closed","ping_status":"closed","template":"","meta":{"footnotes":""},"class_list":["post-351","page","type-page","status-publish","hentry"],"yoast_head":"<!-- This site is optimized with the Yoast SEO plugin v27.3 - https:\/\/yoast.com\/product\/yoast-seo-wordpress\/ -->\n<title>Mentions l\u00e9gales &#8902; Turbobob<\/title>\n<meta name=\"robots\" content=\"noindex, follow\" \/>\n<meta property=\"og:locale\" content=\"en_US\" \/>\n<meta property=\"og:type\" content=\"article\" \/>\n<meta property=\"og:title\" content=\"Mentions l\u00e9gales &#8902; Turbobob\" \/>\n<meta property=\"og:url\" content=\"https:\/\/www.turbobob.fr\/en\/mentions-legales\/\" \/>\n<meta property=\"og:site_name\" content=\"Turbobob\" \/>\n<meta property=\"article:modified_time\" content=\"2024-05-15T07:00:01+00:00\" \/>\n<meta property=\"og:image\" content=\"https:\/\/www.turbobob.fr\/wp-content\/uploads\/2023\/08\/cover-turbobob.jpg\" \/>\n\t<meta property=\"og:image:width\" content=\"1200\" \/>\n\t<meta property=\"og:image:height\" content=\"675\" \/>\n\t<meta property=\"og:image:type\" content=\"image\/jpeg\" \/>\n<meta name=\"twitter:card\" content=\"summary_large_image\" \/>\n<meta name=\"twitter:label1\" content=\"Est. reading time\" \/>\n\t<meta name=\"twitter:data1\" content=\"2 minutes\" \/>\n<script type=\"application\/ld+json\" class=\"yoast-schema-graph\">{\"@context\":\"https:\\\/\\\/schema.org\",\"@graph\":[{\"@type\":\"WebPage\",\"@id\":\"https:\\\/\\\/www.turbobob.fr\\\/mentions-legales\\\/\",\"url\":\"https:\\\/\\\/www.turbobob.fr\\\/mentions-legales\\\/\",\"name\":\"Mentions l\u00e9gales &#8902; Turbobob\",\"isPartOf\":{\"@id\":\"https:\\\/\\\/www.turbobob.fr\\\/#website\"},\"datePublished\":\"2023-08-24T09:51:31+00:00\",\"dateModified\":\"2024-05-15T07:00:01+00:00\",\"breadcrumb\":{\"@id\":\"https:\\\/\\\/www.turbobob.fr\\\/mentions-legales\\\/#breadcrumb\"},\"inLanguage\":\"en-US\",\"potentialAction\":[{\"@type\":\"ReadAction\",\"target\":[\"https:\\\/\\\/www.turbobob.fr\\\/mentions-legales\\\/\"]}]},{\"@type\":\"BreadcrumbList\",\"@id\":\"https:\\\/\\\/www.turbobob.fr\\\/mentions-legales\\\/#breadcrumb\",\"itemListElement\":[{\"@type\":\"ListItem\",\"position\":1,\"name\":\"Accueil\",\"item\":\"https:\\\/\\\/www.turbobob.fr\\\/\"},{\"@type\":\"ListItem\",\"position\":2,\"name\":\"Mentions l\u00e9gales\"}]},{\"@type\":\"WebSite\",\"@id\":\"https:\\\/\\\/www.turbobob.fr\\\/#website\",\"url\":\"https:\\\/\\\/www.turbobob.fr\\\/\",\"name\":\"Turbobob\",\"description\":\"Une attraction qui traverse les g\u00e9n\u00e9rations\",\"publisher\":{\"@id\":\"https:\\\/\\\/www.turbobob.fr\\\/#organization\"},\"potentialAction\":[{\"@type\":\"SearchAction\",\"target\":{\"@type\":\"EntryPoint\",\"urlTemplate\":\"https:\\\/\\\/www.turbobob.fr\\\/?s={search_term_string}\"},\"query-input\":{\"@type\":\"PropertyValueSpecification\",\"valueRequired\":true,\"valueName\":\"search_term_string\"}}],\"inLanguage\":\"en-US\"},{\"@type\":\"Organization\",\"@id\":\"https:\\\/\\\/www.turbobob.fr\\\/#organization\",\"name\":\"Turbobob\",\"url\":\"https:\\\/\\\/www.turbobob.fr\\\/\",\"logo\":{\"@type\":\"ImageObject\",\"inLanguage\":\"en-US\",\"@id\":\"https:\\\/\\\/www.turbobob.fr\\\/#\\\/schema\\\/logo\\\/image\\\/\",\"url\":\"https:\\\/\\\/www.turbobob.fr\\\/wp-content\\\/uploads\\\/2023\\\/07\\\/logo-turbobob.svg\",\"contentUrl\":\"https:\\\/\\\/www.turbobob.fr\\\/wp-content\\\/uploads\\\/2023\\\/07\\\/logo-turbobob.svg\",\"width\":1,\"height\":1,\"caption\":\"Turbobob\"},\"image\":{\"@id\":\"https:\\\/\\\/www.turbobob.fr\\\/#\\\/schema\\\/logo\\\/image\\\/\"}}]}<\/script>\n<!-- \/ Yoast SEO plugin. -->","yoast_head_json":{"title":"Mentions l\u00e9gales &#8902; Turbobob","robots":{"index":"noindex","follow":"follow"},"og_locale":"en_US","og_type":"article","og_title":"Mentions l\u00e9gales &#8902; Turbobob","og_url":"https:\/\/www.turbobob.fr\/en\/mentions-legales\/","og_site_name":"Turbobob","article_modified_time":"2024-05-15T07:00:01+00:00","og_image":[{"width":1200,"height":675,"url":"https:\/\/www.turbobob.fr\/wp-content\/uploads\/2023\/08\/cover-turbobob.jpg","type":"image\/jpeg"}],"twitter_card":"summary_large_image","twitter_misc":{"Est. reading time":"2 minutes"},"schema":{"@context":"https:\/\/schema.org","@graph":[{"@type":"WebPage","@id":"https:\/\/www.turbobob.fr\/mentions-legales\/","url":"https:\/\/www.turbobob.fr\/mentions-legales\/","name":"Mentions l\u00e9gales &#8902; Turbobob","isPartOf":{"@id":"https:\/\/www.turbobob.fr\/#website"},"datePublished":"2023-08-24T09:51:31+00:00","dateModified":"2024-05-15T07:00:01+00:00","breadcrumb":{"@id":"https:\/\/www.turbobob.fr\/mentions-legales\/#breadcrumb"},"inLanguage":"en-US","potentialAction":[{"@type":"ReadAction","target":["https:\/\/www.turbobob.fr\/mentions-legales\/"]}]},{"@type":"BreadcrumbList","@id":"https:\/\/www.turbobob.fr\/mentions-legales\/#breadcrumb","itemListElement":[{"@type":"ListItem","position":1,"name":"Accueil","item":"https:\/\/www.turbobob.fr\/"},{"@type":"ListItem","position":2,"name":"Mentions l\u00e9gales"}]},{"@type":"WebSite","@id":"https:\/\/www.turbobob.fr\/#website","url":"https:\/\/www.turbobob.fr\/","name":"Turbobob","description":"Une attraction qui traverse les g\u00e9n\u00e9rations","publisher":{"@id":"https:\/\/www.turbobob.fr\/#organization"},"potentialAction":[{"@type":"SearchAction","target":{"@type":"EntryPoint","urlTemplate":"https:\/\/www.turbobob.fr\/?s={search_term_string}"},"query-input":{"@type":"PropertyValueSpecification","valueRequired":true,"valueName":"search_term_string"}}],"inLanguage":"en-US"},{"@type":"Organization","@id":"https:\/\/www.turbobob.fr\/#organization","name":"Turbobob","url":"https:\/\/www.turbobob.fr\/","logo":{"@type":"ImageObject","inLanguage":"en-US","@id":"https:\/\/www.turbobob.fr\/#\/schema\/logo\/image\/","url":"https:\/\/www.turbobob.fr\/wp-content\/uploads\/2023\/07\/logo-turbobob.svg","contentUrl":"https:\/\/www.turbobob.fr\/wp-content\/uploads\/2023\/07\/logo-turbobob.svg","width":1,"height":1,"caption":"Turbobob"},"image":{"@id":"https:\/\/www.turbobob.fr\/#\/schema\/logo\/image\/"}}]}},"_links":{"self":[{"href":"https:\/\/www.turbobob.fr\/en\/wp-json\/wp\/v2\/pages\/351","targetHints":{"allow":["GET"]}}],"collection":[{"href":"https:\/\/www.turbobob.fr\/en\/wp-json\/wp\/v2\/pages"}],"about":[{"href":"https:\/\/www.turbobob.fr\/en\/wp-json\/wp\/v2\/types\/page"}],"author":[{"embeddable":true,"href":"https:\/\/www.turbobob.fr\/en\/wp-json\/wp\/v2\/users\/1"}],"replies":[{"embeddable":true,"href":"https:\/\/www.turbobob.fr\/en\/wp-json\/wp\/v2\/comments?post=351"}],"version-history":[{"count":17,"href":"https:\/\/www.turbobob.fr\/en\/wp-json\/wp\/v2\/pages\/351\/revisions"}],"predecessor-version":[{"id":488,"href":"https:\/\/www.turbobob.fr\/en\/wp-json\/wp\/v2\/pages\/351\/revisions\/488"}],"wp:attachment":[{"href":"https:\/\/www.turbobob.fr\/en\/wp-json\/wp\/v2\/media?parent=351"}],"curies":[{"name":"wp","href":"https:\/\/api.w.org\/{rel}","templated":true}]}}